{"id":318,"date":"2020-01-29T15:35:39","date_gmt":"2020-01-29T18:35:39","guid":{"rendered":"http:\/\/medicinadosonors.web252.uni5.net\/medicinadosonors\/?page_id=318"},"modified":"2020-04-24T21:14:51","modified_gmt":"2020-04-25T00:14:51","slug":"cpap","status":"publish","type":"page","link":"https:\/\/medicinadosonors.com.br\/?page_id=318","title":{"rendered":"CPAP"},"content":{"rendered":"\t\t<div data-elementor-type=\"wp-page\" data-elementor-id=\"318\" class=\"elementor elementor-318\" data-elementor-settings=\"[]\">\n\t\t\t\t\t\t<div class=\"elementor-inner\">\n\t\t\t\t\t\t\t<div class=\"elementor-section-wrap\">\n\t\t\t\t\t\t\t<section class=\"elementor-section elementor-top-section elementor-element elementor-element-6d93617 elementor-section-boxed elementor-section-height-default elementor-section-height-default\" data-id=\"6d93617\" data-element_type=\"section\">\n\t\t\t\t\t\t<div class=\"elementor-container elementor-column-gap-default\">\n\t\t\t\t\t\t\t<div class=\"elementor-row\">\n\t\t\t\t\t<div class=\"aux-parallax-section elementor-column elementor-col-50 elementor-top-column elementor-element elementor-element-996e33a\" data-id=\"996e33a\" data-element_type=\"column\">\n\t\t\t<div class=\"elementor-column-wrap elementor-element-populated\">\n\t\t\t\t\t\t\t<div class=\"elementor-widget-wrap\">\n\t\t\t\t\t\t<div class=\"elementor-element elementor-element-6c629fb elementor-widget elementor-widget-spacer\" data-id=\"6c629fb\" data-element_type=\"widget\" data-widget_type=\"spacer.default\">\n\t\t\t\t<div class=\"elementor-widget-container\">\n\t\t\t\t\t<div class=\"elementor-spacer\">\n\t\t\t<div class=\"elementor-spacer-inner\"><\/div>\n\t\t<\/div>\n\t\t\t\t<\/div>\n\t\t\t\t<\/div>\n\t\t\t\t<div class=\"elementor-element elementor-element-989a0b6 elementor-widget elementor-widget-heading\" data-id=\"989a0b6\" data-element_type=\"widget\" data-widget_type=\"heading.default\">\n\t\t\t\t<div class=\"elementor-widget-container\">\n\t\t\t<h2 class=\"elementor-heading-title elementor-size-default\">CPAP<\/h2>\t\t<\/div>\n\t\t\t\t<\/div>\n\t\t\t\t<div class=\"elementor-element elementor-element-10a4e57 elementor-widget elementor-widget-text-editor\" data-id=\"10a4e57\" data-element_type=\"widget\" data-widget_type=\"text-editor.default\">\n\t\t\t\t<div class=\"elementor-widget-container\">\n\t\t\t\t\t<div class=\"elementor-text-editor elementor-clearfix\"><p class=\"p1\"><span class=\"s1\">N\u00e3o \u00e9 uma tarefa f\u00e1cil adaptar-se ao novo. Mesmo que seja um aparelho que melhore significativamente a sua qualidade de vida. N\u00e3o \u00e9 verdade?\u00a0<\/span><\/p><\/div>\n\t\t\t\t<\/div>\n\t\t\t\t<\/div>\n\t\t\t\t<div class=\"elementor-element elementor-element-9f88228 elementor-widget elementor-widget-text-editor\" data-id=\"9f88228\" data-element_type=\"widget\" data-widget_type=\"text-editor.default\">\n\t\t\t\t<div class=\"elementor-widget-container\">\n\t\t\t\t\t<div class=\"elementor-text-editor elementor-clearfix\"><p class=\"p1\"><span class=\"s1\">Pensando nisto a cl\u00ednica Neurovale\/Medicina do sono desenvolveu um programa estendido de titula\u00e7\u00e3o do CPAP com \u00a0uma adequa\u00e7\u00e3o do paciente ao novo aparelho com esclarecimento de toda a dimens\u00e3o do aparelho de ventila\u00e7\u00e3o assistida, adequa\u00e7\u00e3o de diversas m\u00e1scaras e orienta\u00e7\u00f5es sobre a adapta\u00e7\u00e3o inicial para posterior compra do aparelho em casas especializadas nesta \u00e1rea. Proporcionando ao m\u00e9dico assistente um panorama de como foram os primeiros dias com o CPAP de seu paciente em um laudo claro e objetivo realizado de forma individual.<\/span><\/p><\/div>\n\t\t\t\t<\/div>\n\t\t\t\t<\/div>\n\t\t\t\t<div class=\"elementor-element elementor-element-f0b3db1 elementor-widget elementor-widget-spacer\" data-id=\"f0b3db1\" data-element_type=\"widget\" data-widget_type=\"spacer.default\">\n\t\t\t\t<div class=\"elementor-widget-container\">\n\t\t\t\t\t<div class=\"elementor-spacer\">\n\t\t\t<div class=\"elementor-spacer-inner\"><\/div>\n\t\t<\/div>\n\t\t\t\t<\/div>\n\t\t\t\t<\/div>\n\t\t\t\t\t\t<\/div>\n\t\t\t\t\t<\/div>\n\t\t<\/div>\n\t\t\t\t<div class=\"aux-parallax-section elementor-column elementor-col-50 elementor-top-column elementor-element elementor-element-24a17a0\" data-id=\"24a17a0\" data-element_type=\"column\">\n\t\t\t<div class=\"elementor-column-wrap elementor-element-populated\">\n\t\t\t\t\t\t\t<div class=\"elementor-widget-wrap\">\n\t\t\t\t\t\t<div class=\"elementor-element elementor-element-01e9a41 elementor-widget elementor-widget-spacer\" data-id=\"01e9a41\" data-element_type=\"widget\" data-widget_type=\"spacer.default\">\n\t\t\t\t<div class=\"elementor-widget-container\">\n\t\t\t\t\t<div class=\"elementor-spacer\">\n\t\t\t<div class=\"elementor-spacer-inner\"><\/div>\n\t\t<\/div>\n\t\t\t\t<\/div>\n\t\t\t\t<\/div>\n\t\t\t\t<div class=\"elementor-element elementor-element-724b7fb elementor-widget elementor-widget-image\" data-id=\"724b7fb\" data-element_type=\"widget\" data-widget_type=\"image.default\">\n\t\t\t\t<div class=\"elementor-widget-container\">\n\t\t\t\t\t<div class=\"elementor-image\">\n\t\t\t\t\t\t\t\t\t\t<img width=\"366\" height=\"305\" src=\"https:\/\/medicinadosonors.com.br\/wp-content\/uploads\/2020\/01\/unnamed.png\" class=\"attachment-2048x2048 size-2048x2048\" alt=\"\" loading=\"lazy\" \/>\t\t\t\t\t\t\t\t\t\t\t<\/div>\n\t\t\t\t<\/div>\n\t\t\t\t<\/div>\n\t\t\t\t\t\t<\/div>\n\t\t\t\t\t<\/div>\n\t\t<\/div>\n\t\t\t\t\t\t\t\t<\/div>\n\t\t\t\t\t<\/div>\n\t\t<\/section>\n\t\t\t\t<section class=\"elementor-section elementor-top-section elementor-element elementor-element-a78df24 elementor-section-boxed elementor-section-height-default elementor-section-height-default\" data-id=\"a78df24\" data-element_type=\"section\">\n\t\t\t\t\t\t<div class=\"elementor-container elementor-column-gap-default\">\n\t\t\t\t\t\t\t<div class=\"elementor-row\">\n\t\t\t\t\t<div class=\"aux-parallax-section elementor-column elementor-col-100 elementor-top-column elementor-element elementor-element-0f2237c\" data-id=\"0f2237c\" data-element_type=\"column\">\n\t\t\t<div class=\"elementor-column-wrap\">\n\t\t\t\t\t\t\t<div class=\"elementor-widget-wrap\">\n\t\t\t\t\t\t\t\t<\/div>\n\t\t\t\t\t<\/div>\n\t\t<\/div>\n\t\t\t\t\t\t\t\t<\/div>\n\t\t\t\t\t<\/div>\n\t\t<\/section>\n\t\t\t\t<section class=\"elementor-section elementor-top-section elementor-element elementor-element-0c1363b elementor-section-boxed elementor-section-height-default elementor-section-height-default\" data-id=\"0c1363b\" data-element_type=\"section\" data-settings=\"{&quot;background_background&quot;:&quot;classic&quot;}\">\n\t\t\t\t\t\t<div class=\"elementor-container elementor-column-gap-default\">\n\t\t\t\t\t\t\t<div class=\"elementor-row\">\n\t\t\t\t\t<div class=\"aux-parallax-section elementor-column elementor-col-100 elementor-top-column elementor-element elementor-element-bb322ed\" data-id=\"bb322ed\" data-element_type=\"column\">\n\t\t\t<div class=\"elementor-column-wrap elementor-element-populated\">\n\t\t\t\t\t\t\t<div class=\"elementor-widget-wrap\">\n\t\t\t\t\t\t<div class=\"elementor-element elementor-element-a1f13e2 elementor-widget elementor-widget-heading\" data-id=\"a1f13e2\" data-element_type=\"widget\" data-widget_type=\"heading.default\">\n\t\t\t\t<div class=\"elementor-widget-container\">\n\t\t\t<h3 class=\"elementor-heading-title elementor-size-default\">D\u00favidas Frequentes<\/h3>\t\t<\/div>\n\t\t\t\t<\/div>\n\t\t\t\t\t\t<\/div>\n\t\t\t\t\t<\/div>\n\t\t<\/div>\n\t\t\t\t\t\t\t\t<\/div>\n\t\t\t\t\t<\/div>\n\t\t<\/section>\n\t\t\t\t<section class=\"elementor-section elementor-top-section elementor-element elementor-element-a9d9600 elementor-section-boxed elementor-section-height-default elementor-section-height-default\" data-id=\"a9d9600\" data-element_type=\"section\">\n\t\t\t\t\t\t<div class=\"elementor-container elementor-column-gap-default\">\n\t\t\t\t\t\t\t<div class=\"elementor-row\">\n\t\t\t\t\t<div class=\"aux-parallax-section elementor-column elementor-col-100 elementor-top-column elementor-element elementor-element-cb4dbb6\" data-id=\"cb4dbb6\" data-element_type=\"column\">\n\t\t\t<div class=\"elementor-column-wrap elementor-element-populated\">\n\t\t\t\t\t\t\t<div class=\"elementor-widget-wrap\">\n\t\t\t\t\t\t<div class=\"elementor-element elementor-element-3447a4b elementor-widget elementor-widget-aux_faq\" data-id=\"3447a4b\" data-element_type=\"widget\" data-widget_type=\"aux_faq.default\">\n\t\t\t\t<div class=\"elementor-widget-container\">\n\t\t\t<section class=\"widget-container aux-widget-faq aux-widget-accordion aux-parent-auf1136f99\" style=\"\" ><div id=\"69d6dc9898838\" data-element-id=\"auf1136f99\" class=\"aux-isotope-faq aux-isotope-animated widget-toggle aux-accordion-\" data-lazyload=\"true\" data-space=\"0\" data-pagination=\"false\" data-deeplink=\"true\" data-slug=\"\" data-perpage=\"10\" data-reveal-transition-duration=\"600\" data-reveal-between-delay=\"70\" data-hide-transition-duration=\"600\" data-hide-between-delay=\"70\"> <div class=\"aux-items-loading\"><div class=\"aux-loading-loop\"><svg class=\"aux-circle\" width=\"100%\" height=\"100%\" viewBox=\"0 0 42 42\"><circle class=\"aux-stroke-bg\" r=\"20\" cx=\"21\" cy=\"21\" fill=\"none\"><\/circle><circle class=\"aux-progress\" r=\"20\" cx=\"21\" cy=\"21\" fill=\"none\" transform=\"rotate(-90 21 21)\"><\/circle><\/svg><\/div><\/div><div class=\"aux-faq-item aux-iso-item aux-loading\"><h4 class=\"aux-faq-item-header toggle-header\">Como \u00e9 feito?<span class=\"aux-accordion-indicator\"><\/span><\/h4><div class=\"aux-faq-item-content toggle-content\"><p class=\"p1\">O teste \u00e9 feito por um t\u00e9cnico em EEG na Cl\u00ednica Medicina do Sono.<\/p>\n<p class=\"p1\">O paciente se deita de costas em uma cama ou cadeira reclin\u00e1vel. Ent\u00e3o, el\u00e9trodos s\u00e3o colocados em v\u00e1rios locais do couro cabeludo com o aux\u00edlio de uma pasta condutora. Al\u00e9m de manter os el\u00e9trodos fixos, essa pasta tamb\u00e9m ajuda a captar os impulsos el\u00e9tricos do c\u00e9rebro.<\/p>\n<p class=\"p1\">Os el\u00e9trodos s\u00e3o ligados por fios a um aparelho de grava\u00e7\u00e3o. A m\u00e1quina muda os sinais el\u00e9tricos em padr\u00f5es que podem ser vistas em um monitor, como linhas onduladas.<\/p>\n<\/div><div class=\"clear\"><\/div><\/div><div class=\"aux-faq-item aux-iso-item aux-loading\"><h4 class=\"aux-faq-item-header toggle-header\">Gr\u00e1vida pode fazer?<span class=\"aux-accordion-indicator\"><\/span><\/h4><div class=\"aux-faq-item-content toggle-content\"><p class=\"p1\">Por ser um exame n\u00e3o invasivo, n\u00e3o h\u00e1 contraindica\u00e7\u00f5es durante a gravidez para fazer o eletroencefalograma.<\/p>\n<\/div><div class=\"clear\"><\/div><\/div><div class=\"aux-faq-item aux-iso-item aux-loading\"><h4 class=\"aux-faq-item-header toggle-header\">Quanto tempo leva para sair o resultado do exame?<span class=\"aux-accordion-indicator\"><\/span><\/h4><div class=\"aux-faq-item-content toggle-content\"><p class=\"p1\">O laudo leva at\u00e9 sete dias \u00fateis.<\/p>\n<\/div><div class=\"clear\"><\/div><\/div><\/div><\/section><!-- widget-container -->\t\t<\/div>\n\t\t\t\t<\/div>\n\t\t\t\t<div class=\"elementor-element elementor-element-4fd95de elementor-widget elementor-widget-spacer\" data-id=\"4fd95de\" data-element_type=\"widget\" data-widget_type=\"spacer.default\">\n\t\t\t\t<div class=\"elementor-widget-container\">\n\t\t\t\t\t<div class=\"elementor-spacer\">\n\t\t\t<div class=\"elementor-spacer-inner\"><\/div>\n\t\t<\/div>\n\t\t\t\t<\/div>\n\t\t\t\t<\/div>\n\t\t\t\t\t\t<\/div>\n\t\t\t\t\t<\/div>\n\t\t<\/div>\n\t\t\t\t\t\t\t\t<\/div>\n\t\t\t\t\t<\/div>\n\t\t<\/section>\n\t\t\t\t<section class=\"elementor-section elementor-top-section elementor-element elementor-element-3b5cf29 elementor-section-boxed elementor-section-height-default elementor-section-height-default\" data-id=\"3b5cf29\" data-element_type=\"section\" data-settings=\"{&quot;background_background&quot;:&quot;classic&quot;}\">\n\t\t\t\t\t\t<div class=\"elementor-container elementor-column-gap-default\">\n\t\t\t\t\t\t\t<div class=\"elementor-row\">\n\t\t\t\t\t<div class=\"aux-parallax-section elementor-column elementor-col-100 elementor-top-column elementor-element elementor-element-eb05979\" data-id=\"eb05979\" data-element_type=\"column\">\n\t\t\t<div class=\"elementor-column-wrap elementor-element-populated\">\n\t\t\t\t\t\t\t<div class=\"elementor-widget-wrap\">\n\t\t\t\t\t\t<div class=\"elementor-element elementor-element-ef0b0c7 elementor-widget elementor-widget-heading\" data-id=\"ef0b0c7\" data-element_type=\"widget\" data-widget_type=\"heading.default\">\n\t\t\t\t<div class=\"elementor-widget-container\">\n\t\t\t<h3 class=\"elementor-heading-title elementor-size-default\">Titula\u00e7\u00e3o CPAP Autom\u00e1tico Domiciliar<\/h3>\t\t<\/div>\n\t\t\t\t<\/div>\n\t\t\t\t\t\t<\/div>\n\t\t\t\t\t<\/div>\n\t\t<\/div>\n\t\t\t\t\t\t\t\t<\/div>\n\t\t\t\t\t<\/div>\n\t\t<\/section>\n\t\t\t\t<section class=\"elementor-section elementor-top-section elementor-element elementor-element-7bc4570 elementor-section-boxed elementor-section-height-default elementor-section-height-default\" data-id=\"7bc4570\" data-element_type=\"section\">\n\t\t\t\t\t\t<div class=\"elementor-container elementor-column-gap-default\">\n\t\t\t\t\t\t\t<div class=\"elementor-row\">\n\t\t\t\t\t<div class=\"aux-parallax-section elementor-column elementor-col-100 elementor-top-column elementor-element elementor-element-1984370\" data-id=\"1984370\" data-element_type=\"column\">\n\t\t\t<div class=\"elementor-column-wrap elementor-element-populated\">\n\t\t\t\t\t\t\t<div class=\"elementor-widget-wrap\">\n\t\t\t\t\t\t<div class=\"elementor-element elementor-element-a35d34e elementor-icon-list--layout-traditional elementor-list-item-link-full_width elementor-widget elementor-widget-icon-list\" data-id=\"a35d34e\" data-element_type=\"widget\" data-widget_type=\"icon-list.default\">\n\t\t\t\t<div class=\"elementor-widget-container\">\n\t\t\t\t\t<ul class=\"elementor-icon-list-items\">\n\t\t\t\t\t\t\t<li class=\"elementor-icon-list-item\">\n\t\t\t\t\t\t\t\t\t\t\t<span class=\"elementor-icon-list-icon\">\n\t\t\t\t\t\t\t<i aria-hidden=\"true\" class=\"fas fa-check\"><\/i>\t\t\t\t\t\t<\/span>\n\t\t\t\t\t\t\t\t\t\t<span class=\"elementor-icon-list-text\">A titula\u00e7\u00e3o com equipamento autom\u00e1tico n\u00e3o \u00e9 recomend\u00e1vel\u00a0 fazer apenas numa noite, sendo o ideal de cinco a sete noites, ou conforme a necessidade de adapta\u00e7\u00e3o do paciente.<\/span>\n\t\t\t\t\t\t\t\t\t<\/li>\n\t\t\t\t\t\t\t\t<li class=\"elementor-icon-list-item\">\n\t\t\t\t\t\t\t\t\t\t\t<span class=\"elementor-icon-list-icon\">\n\t\t\t\t\t\t\t<i aria-hidden=\"true\" class=\"fas fa-check\"><\/i>\t\t\t\t\t\t<\/span>\n\t\t\t\t\t\t\t\t\t\t<span class=\"elementor-icon-list-text\">Nessa modalidade de titula\u00e7\u00e3o o paciente dorme com o equipamento, no dia seguinte o profissional respons\u00e1vel pelo exame avalia os relat\u00f3rios, verifica a necessidade de ajustes e aguarda a pr\u00f3xima noite do paciente para verificar se as altera\u00e7\u00f5es surtiram os efeitos desejados.<\/span>\n\t\t\t\t\t\t\t\t\t<\/li>\n\t\t\t\t\t\t<\/ul>\n\t\t\t\t<\/div>\n\t\t\t\t<\/div>\n\t\t\t\t\t\t<\/div>\n\t\t\t\t\t<\/div>\n\t\t<\/div>\n\t\t\t\t\t\t\t\t<\/div>\n\t\t\t\t\t<\/div>\n\t\t<\/section>\n\t\t\t\t\t\t<\/div>\n\t\t\t\t\t\t<\/div>\n\t\t\t\t\t<\/div>\n\t\t","protected":false},"excerpt":{"rendered":"<p>CPAP N\u00e3o \u00e9 uma tarefa f\u00e1cil adaptar-se ao novo. Mesmo que seja um aparelho que melhore significativamente a sua qualidade de vida. N\u00e3o \u00e9 verdade?\u00a0 Pensando nisto a cl\u00ednica Neurovale\/Medicina do sono desenvolveu um programa estendido de titula\u00e7\u00e3o do CPAP com \u00a0uma adequa\u00e7\u00e3o do paciente ao novo aparelho com esclarecimento de toda a dimens\u00e3o do [&hellip;]<\/p>\n","protected":false},"author":50,"featured_media":0,"parent":0,"menu_order":0,"comment_status":"closed","ping_status":"closed","template":"","meta":[],"_links":{"self":[{"href":"https:\/\/medicinadosonors.com.br\/index.php?rest_route=\/wp\/v2\/pages\/318"}],"collection":[{"href":"https:\/\/medicinadosonors.com.br\/index.php?rest_route=\/wp\/v2\/pages"}],"about":[{"href":"https:\/\/medicinadosonors.com.br\/index.php?rest_route=\/wp\/v2\/types\/page"}],"author":[{"embeddable":true,"href":"https:\/\/medicinadosonors.com.br\/index.php?rest_route=\/wp\/v2\/users\/50"}],"replies":[{"embeddable":true,"href":"https:\/\/medicinadosonors.com.br\/index.php?rest_route=%2Fwp%2Fv2%2Fcomments&post=318"}],"version-history":[{"count":0,"href":"https:\/\/medicinadosonors.com.br\/index.php?rest_route=\/wp\/v2\/pages\/318\/revisions"}],"wp:attachment":[{"href":"https:\/\/medicinadosonors.com.br\/index.php?rest_route=%2Fwp%2Fv2%2Fmedia&parent=318"}],"curies":[{"name":"wp","href":"https:\/\/api.w.org\/{rel}","templated":true}]}}