{"id":145,"date":"2020-01-20T14:43:12","date_gmt":"2020-01-20T17:43:12","guid":{"rendered":"http:\/\/medicinadosonors.web252.uni5.net\/medicinadosonors\/?page_id=145"},"modified":"2020-04-29T16:06:00","modified_gmt":"2020-04-29T19:06:00","slug":"area-do-cliente","status":"publish","type":"page","link":"https:\/\/medicinadosonors.com.br\/?page_id=145","title":{"rendered":"D\u00favidas"},"content":{"rendered":"\t\t<div data-elementor-type=\"wp-page\" data-elementor-id=\"145\" class=\"elementor elementor-145\" data-elementor-settings=\"[]\">\n\t\t\t\t\t\t<div class=\"elementor-inner\">\n\t\t\t\t\t\t\t<div class=\"elementor-section-wrap\">\n\t\t\t\t\t\t\t<section class=\"elementor-section elementor-top-section elementor-element elementor-element-04c8288 elementor-section-boxed elementor-section-height-default elementor-section-height-default\" data-id=\"04c8288\" data-element_type=\"section\">\n\t\t\t\t\t\t<div class=\"elementor-container elementor-column-gap-default\">\n\t\t\t\t\t\t\t<div class=\"elementor-row\">\n\t\t\t\t\t<div class=\"aux-parallax-section elementor-column elementor-col-100 elementor-top-column elementor-element elementor-element-42e02df\" data-id=\"42e02df\" data-element_type=\"column\">\n\t\t\t<div class=\"elementor-column-wrap elementor-element-populated\">\n\t\t\t\t\t\t\t<div class=\"elementor-widget-wrap\">\n\t\t\t\t\t\t<div class=\"elementor-element elementor-element-45712c5 elementor-widget elementor-widget-spacer\" data-id=\"45712c5\" data-element_type=\"widget\" data-widget_type=\"spacer.default\">\n\t\t\t\t<div class=\"elementor-widget-container\">\n\t\t\t\t\t<div class=\"elementor-spacer\">\n\t\t\t<div class=\"elementor-spacer-inner\"><\/div>\n\t\t<\/div>\n\t\t\t\t<\/div>\n\t\t\t\t<\/div>\n\t\t\t\t<div class=\"elementor-element elementor-element-36d202e elementor-widget elementor-widget-heading\" data-id=\"36d202e\" data-element_type=\"widget\" data-widget_type=\"heading.default\">\n\t\t\t\t<div class=\"elementor-widget-container\">\n\t\t\t<h1 class=\"elementor-heading-title elementor-size-default\">D\u00favidas Frequentes<\/h1>\t\t<\/div>\n\t\t\t\t<\/div>\n\t\t\t\t\t\t<\/div>\n\t\t\t\t\t<\/div>\n\t\t<\/div>\n\t\t\t\t\t\t\t\t<\/div>\n\t\t\t\t\t<\/div>\n\t\t<\/section>\n\t\t\t\t<section class=\"elementor-section elementor-top-section elementor-element elementor-element-cc4d964 elementor-section-boxed elementor-section-height-default elementor-section-height-default\" data-id=\"cc4d964\" data-element_type=\"section\">\n\t\t\t\t\t\t<div class=\"elementor-container elementor-column-gap-default\">\n\t\t\t\t\t\t\t<div class=\"elementor-row\">\n\t\t\t\t\t<div class=\"aux-parallax-section elementor-column elementor-col-100 elementor-top-column elementor-element elementor-element-c9000b9\" data-id=\"c9000b9\" data-element_type=\"column\">\n\t\t\t<div class=\"elementor-column-wrap elementor-element-populated\">\n\t\t\t\t\t\t\t<div class=\"elementor-widget-wrap\">\n\t\t\t\t\t\t<div class=\"elementor-element elementor-element-4a27f0b elementor-widget elementor-widget-aux_faq\" data-id=\"4a27f0b\" data-element_type=\"widget\" data-widget_type=\"aux_faq.default\">\n\t\t\t\t<div class=\"elementor-widget-container\">\n\t\t\t<section class=\"widget-container aux-widget-faq aux-widget-accordion aux-parent-au09bdfdf1\" style=\"\" ><div class=\"aux-isotope-filters aux-filters aux-slideup aux-center aux-togglable \"><div class=\"aux-select-overlay\"><\/div><ul><li class=\"aux-active-item\" data-filter=\"all\"><a href=\"#\"><span data-select=\"all\">all<\/span><\/a><\/li><li data-filter=\"eletroencefalograma\"><a href=\"#\"><span data-select=\"Eletroencefalograma\">Eletroencefalograma<\/span><\/a><\/li><li data-filter=\"eletroneuromiografia\"><a href=\"#\"><span data-select=\"Eletroneuromiografia\">Eletroneuromiografia<\/span><\/a><\/li><li data-filter=\"polissonografia\"><a href=\"#\"><span data-select=\"Polissonografia\">Polissonografia<\/span><\/a><\/li><\/ul><\/div><div id=\"69d6dbed5496c\" data-element-id=\"au09bdfdf1\" class=\"aux-isotope-faq aux-isotope-animated widget-toggle aux-accordion-simple\" data-lazyload=\"true\" data-space=\"0\" data-pagination=\"true\" data-deeplink=\"true\" data-slug=\"\" data-perpage=\"6\" data-reveal-transition-duration=\"600\" data-reveal-between-delay=\"70\" data-hide-transition-duration=\"600\" data-hide-between-delay=\"70\"> <div class=\"aux-items-loading\"><div class=\"aux-loading-loop\"><svg class=\"aux-circle\" width=\"100%\" height=\"100%\" viewBox=\"0 0 42 42\"><circle class=\"aux-stroke-bg\" r=\"20\" cx=\"21\" cy=\"21\" fill=\"none\"><\/circle><circle class=\"aux-progress\" r=\"20\" cx=\"21\" cy=\"21\" fill=\"none\" transform=\"rotate(-90 21 21)\"><\/circle><\/svg><\/div><\/div><div class=\"aux-faq-item aux-iso-item aux-loading polissonografia\"><h4 class=\"aux-faq-item-header toggle-header\">Como \u00e9 feito?<span class=\"aux-accordion-indicator\"><\/span><\/h4><div class=\"aux-faq-item-content toggle-content\"><p class=\"p1\">O quarto em que o exame \u00e9 feito \u00e9 escuro e silencioso, monitorado por c\u00e2meras. Antes de ir para a cama, os t\u00e9cnicos aderem sensores em sua pele e um clipe ao seu dedo para monitorar o exame.<\/p>\n<p class=\"p1\">Pela manh\u00e3, os sensores s\u00e3o removidos, e voc\u00ea pode deixar a Cl\u00ednica do Sono e retornar \u00e0s suas atividades habituais.<\/p>\n<\/div><div class=\"clear\"><\/div><\/div><div class=\"aux-faq-item aux-iso-item aux-loading polissonografia\"><h4 class=\"aux-faq-item-header toggle-header\">O que este exame avalia?<span class=\"aux-accordion-indicator\"><\/span><\/h4><div class=\"aux-faq-item-content toggle-content\"><p>Os disturbios do sono, como roncos, apneia ou mexer-se muito na cama.<\/p>\n<p class=\"p1\">Mesmo que voc\u00ea n\u00e3o perceba, ao longo da noite ocorrem uma s\u00e9rie de dist\u00farbios ligados \u00e0 qualidade do seu descanso. E geralmente os efeitos s\u00f3 s\u00e3o notados quando nos sentimos excessivamente cansado ou acordamos com a sensa\u00e7\u00e3o de n\u00e3o ter dormi<span class=\"s1\">do.<\/span><\/p>\n<\/div><div class=\"clear\"><\/div><\/div><div class=\"aux-faq-item aux-iso-item aux-loading polissonografia\"><h4 class=\"aux-faq-item-header toggle-header\">Quanto tempo leva pra sair o resultado do exame?<span class=\"aux-accordion-indicator\"><\/span><\/h4><div class=\"aux-faq-item-content toggle-content\"><p class=\"p1\">Voc\u00ea poder\u00e1 retirar o exame de 20 a 25 dias \u00fateis ap\u00f3s sua realiza\u00e7\u00e3o.<\/p>\n<\/div><div class=\"clear\"><\/div><\/div><div class=\"aux-faq-item aux-iso-item aux-loading polissonografia\"><h4 class=\"aux-faq-item-header toggle-header\">O que devo levar para o exame?<span class=\"aux-accordion-indicator\"><\/span><\/h4><div class=\"aux-faq-item-content toggle-content\"><p>Separe um pijama confort\u00e1vel e, se quiser, traga seu travesseiro.<\/p>\n<\/div><div class=\"clear\"><\/div><\/div><div class=\"aux-faq-item aux-iso-item aux-loading eletroneuromiografia\"><h4 class=\"aux-faq-item-header toggle-header\">Vai doer?<span class=\"aux-accordion-indicator\"><\/span><\/h4><div class=\"aux-faq-item-content toggle-content\"><p class=\"p1\">A eletroneuromiografia caracteriza-se por ser\u00a0um exame complexo e pela d\u00favida se haver\u00e1 dor ou n\u00e3o. Os dois processos realizados dentro do exame de eletroneuromiografia\u00a0podem gerar certo desconforto para o paciente, mas tudo dentro do toler\u00e1vel por qualquer pessoa.<\/p>\n<\/div><div class=\"clear\"><\/div><\/div><div class=\"aux-faq-item aux-iso-item aux-loading eletroneuromiografia\"><h4 class=\"aux-faq-item-header toggle-header\">Tem riscos?<span class=\"aux-accordion-indicator\"><\/span><\/h4><div class=\"aux-faq-item-content toggle-content\"><p class=\"p1\">N\u00e3o existe qualquer risco que prejudique o paciente\u00a0quando este for fazer a\u00a0Eletroneuromiografia.<\/p>\n<\/div><div class=\"clear\"><\/div><\/div><div class=\"aux-faq-item aux-iso-item aux-loading eletroneuromiografia aux-iso-hidden\"><h4 class=\"aux-faq-item-header toggle-header\">Quanto tempo leva pra sair o resultado do exame?<span class=\"aux-accordion-indicator\"><\/span><\/h4><div class=\"aux-faq-item-content toggle-content\"><p class=\"p1\">O laudo sai imediatamente ap\u00f3s a realiza\u00e7\u00e3o do exame.<\/p>\n<\/div><div class=\"clear\"><\/div><\/div><div class=\"aux-faq-item aux-iso-item aux-loading eletroneuromiografia aux-iso-hidden\"><h4 class=\"aux-faq-item-header toggle-header\">Como \u00e9 feito?<span class=\"aux-accordion-indicator\"><\/span><\/h4><div class=\"aux-faq-item-content toggle-content\"><p class=\"p1\">O m\u00e9dico respons\u00e1vel ir\u00e1 colocar alguns el\u00e9trodos na pele de seus bra\u00e7os, pernas, face ou tronco, de modo que eles conduzam os impulsos el\u00e9tricos;<\/p>\n<p class=\"p1\">Esses el\u00e9trodos ir\u00e3o dar pequenos choques, para que seja poss\u00edvel avaliar a condi\u00e7\u00e3o do nervo;<\/p>\n<p class=\"p1\">O eletroneuromi\u00f3grafo registrar\u00e1 \u00a0a resposta do nervo;<\/p>\n<p class=\"p1\">Os choques s\u00e3o aplicados novamente, mas dessa vez nos nervos do membro oposto (bra\u00e7o ou perna), para fazer compara\u00e7\u00f5es no nervo analisado.<\/p>\n<p class=\"p1\"><strong>Em rela\u00e7\u00e3o aos m\u00fasculos:<\/strong><\/p>\n<p class=\"p1\">Insere-se agulhas descart\u00e1veis muito finas\u00a0nos m\u00fasculos que ser\u00e3o analisados. Ap\u00f3s,\u00a0ele precisa ficar em repouso por alguns momentos e depois ser contra\u00eddo<\/p>\n<\/div><div class=\"clear\"><\/div><\/div><div class=\"aux-faq-item aux-iso-item aux-loading eletroencefalograma aux-iso-hidden\"><h4 class=\"aux-faq-item-header toggle-header\">Como \u00e9 feito?<span class=\"aux-accordion-indicator\"><\/span><\/h4><div class=\"aux-faq-item-content toggle-content\"><p class=\"p1\">O teste \u00e9 feito por um t\u00e9cnico em EEG na Cl\u00ednica Medicina do Sono.<\/p>\n<p class=\"p1\">O paciente se deita de costas em uma cama ou cadeira reclin\u00e1vel. Ent\u00e3o, el\u00e9trodos s\u00e3o colocados em v\u00e1rios locais do couro cabeludo com o aux\u00edlio de uma pasta condutora. Al\u00e9m de manter os el\u00e9trodos fixos, essa pasta tamb\u00e9m ajuda a captar os impulsos el\u00e9tricos do c\u00e9rebro.<\/p>\n<p class=\"p1\">Os el\u00e9trodos s\u00e3o ligados por fios a um aparelho de grava\u00e7\u00e3o. A m\u00e1quina muda os sinais el\u00e9tricos em padr\u00f5es que podem ser vistas em um monitor, como linhas onduladas.<\/p>\n<\/div><div class=\"clear\"><\/div><\/div><div class=\"aux-faq-item aux-iso-item aux-loading eletroencefalograma aux-iso-hidden\"><h4 class=\"aux-faq-item-header toggle-header\">Gr\u00e1vida pode fazer?<span class=\"aux-accordion-indicator\"><\/span><\/h4><div class=\"aux-faq-item-content toggle-content\"><p class=\"p1\">Por ser um exame n\u00e3o invasivo, n\u00e3o h\u00e1 contraindica\u00e7\u00f5es durante a gravidez para fazer o eletroencefalograma.<\/p>\n<\/div><div class=\"clear\"><\/div><\/div><div class=\"aux-faq-item aux-iso-item aux-loading eletroencefalograma aux-iso-hidden\"><h4 class=\"aux-faq-item-header toggle-header\">Quanto tempo leva para sair o resultado do exame?<span class=\"aux-accordion-indicator\"><\/span><\/h4><div class=\"aux-faq-item-content toggle-content\"><p class=\"p1\">O laudo leva at\u00e9 sete dias \u00fateis.<\/p>\n<\/div><div class=\"clear\"><\/div><\/div><\/div><\/section><!-- widget-container -->\t\t<\/div>\n\t\t\t\t<\/div>\n\t\t\t\t\t\t<\/div>\n\t\t\t\t\t<\/div>\n\t\t<\/div>\n\t\t\t\t\t\t\t\t<\/div>\n\t\t\t\t\t<\/div>\n\t\t<\/section>\n\t\t\t\t<section class=\"elementor-section elementor-top-section elementor-element elementor-element-7ad5595 elementor-section-boxed elementor-section-height-default elementor-section-height-default\" data-id=\"7ad5595\" data-element_type=\"section\" data-settings=\"{&quot;background_background&quot;:&quot;classic&quot;}\">\n\t\t\t\t\t\t<div class=\"elementor-container elementor-column-gap-default\">\n\t\t\t\t\t\t\t<div class=\"elementor-row\">\n\t\t\t\t\t<div class=\"aux-parallax-section elementor-column elementor-col-100 elementor-top-column elementor-element elementor-element-86b2038\" data-id=\"86b2038\" data-element_type=\"column\">\n\t\t\t<div class=\"elementor-column-wrap elementor-element-populated\">\n\t\t\t\t\t\t\t<div class=\"elementor-widget-wrap\">\n\t\t\t\t\t\t<div class=\"elementor-element elementor-element-5221d52 elementor-widget elementor-widget-heading\" data-id=\"5221d52\" data-element_type=\"widget\" data-widget_type=\"heading.default\">\n\t\t\t\t<div class=\"elementor-widget-container\">\n\t\t\t<h2 class=\"elementor-heading-title elementor-size-default\">Como me preparar para o meu exame?<\/h2>\t\t<\/div>\n\t\t\t\t<\/div>\n\t\t\t\t\t\t<\/div>\n\t\t\t\t\t<\/div>\n\t\t<\/div>\n\t\t\t\t\t\t\t\t<\/div>\n\t\t\t\t\t<\/div>\n\t\t<\/section>\n\t\t\t\t<section class=\"elementor-section elementor-top-section elementor-element elementor-element-4c37ffe elementor-section-boxed elementor-section-height-default elementor-section-height-default\" data-id=\"4c37ffe\" data-element_type=\"section\">\n\t\t\t\t\t\t<div class=\"elementor-container elementor-column-gap-default\">\n\t\t\t\t\t\t\t<div class=\"elementor-row\">\n\t\t\t\t\t<div class=\"aux-parallax-section elementor-column elementor-col-100 elementor-top-column elementor-element elementor-element-7fa6082\" data-id=\"7fa6082\" data-element_type=\"column\">\n\t\t\t<div class=\"elementor-column-wrap elementor-element-populated\">\n\t\t\t\t\t\t\t<div class=\"elementor-widget-wrap\">\n\t\t\t\t\t\t<div class=\"elementor-element elementor-element-b4403ab elementor-widget elementor-widget-spacer\" data-id=\"b4403ab\" data-element_type=\"widget\" data-widget_type=\"spacer.default\">\n\t\t\t\t<div class=\"elementor-widget-container\">\n\t\t\t\t\t<div class=\"elementor-spacer\">\n\t\t\t<div class=\"elementor-spacer-inner\"><\/div>\n\t\t<\/div>\n\t\t\t\t<\/div>\n\t\t\t\t<\/div>\n\t\t\t\t<section class=\"elementor-section elementor-inner-section elementor-element elementor-element-c310922 elementor-section-boxed elementor-section-height-default elementor-section-height-default\" data-id=\"c310922\" data-element_type=\"section\">\n\t\t\t\t\t\t<div class=\"elementor-container elementor-column-gap-default\">\n\t\t\t\t\t\t\t<div class=\"elementor-row\">\n\t\t\t\t\t<div class=\"aux-parallax-section elementor-column elementor-col-50 elementor-inner-column elementor-element elementor-element-0d364ec\" data-id=\"0d364ec\" data-element_type=\"column\">\n\t\t\t<div class=\"elementor-column-wrap elementor-element-populated\">\n\t\t\t\t\t\t\t<div class=\"elementor-widget-wrap\">\n\t\t\t\t\t\t<div class=\"elementor-element elementor-element-74c722e elementor-widget elementor-widget-heading\" data-id=\"74c722e\" data-element_type=\"widget\" data-widget_type=\"heading.default\">\n\t\t\t\t<div class=\"elementor-widget-container\">\n\t\t\t<h3 class=\"elementor-heading-title elementor-size-default\"><a href=\"http:\/\/medicinadosonors.web252.uni5.net\/medicinadosonors\/eletroencefalograma\/\">Eletroencefalograma<\/a><\/h3>\t\t<\/div>\n\t\t\t\t<\/div>\n\t\t\t\t<div class=\"elementor-element elementor-element-0ef8fc9 elementor-widget elementor-widget-text-editor\" data-id=\"0ef8fc9\" data-element_type=\"widget\" data-widget_type=\"text-editor.default\">\n\t\t\t\t<div class=\"elementor-widget-container\">\n\t\t\t\t\t<div class=\"elementor-text-editor elementor-clearfix\"><p class=\"p1\">Eletroencefalograma \u00e9 o teste que avalia a atividade el\u00e9trica do c\u00e9rebro. \u00c9 um procedimento r\u00e1pido, simples e indolor, no qual os impulsos el\u00e9tricos do c\u00e9rebro s\u00e3o amplificados e registrados em sistema computadorizado.\u00a0<\/p><\/div>\n\t\t\t\t<\/div>\n\t\t\t\t<\/div>\n\t\t\t\t<div class=\"elementor-element elementor-element-eeb75f5 elementor-align-center elementor-widget elementor-widget-button\" data-id=\"eeb75f5\" data-element_type=\"widget\" data-widget_type=\"button.default\">\n\t\t\t\t<div class=\"elementor-widget-container\">\n\t\t\t\t\t<div class=\"elementor-button-wrapper\">\n\t\t\t<a href=\"http:\/\/medicinadosonors.web252.uni5.net\/medicinadosonors\/eletroencefalograma\/\" class=\"elementor-button-link elementor-button elementor-size-sm\" role=\"button\">\n\t\t\t\t\t\t<span class=\"elementor-button-content-wrapper\">\n\t\t\t\t\t\t<span class=\"elementor-button-icon elementor-align-icon-left\">\n\t\t\t\t<i aria-hidden=\"true\" class=\"fas fa-caret-right\"><\/i>\t\t\t<\/span>\n\t\t\t\t\t\t<span class=\"elementor-button-text\">Ver mais <\/span>\n\t\t<\/span>\n\t\t\t\t\t<\/a>\n\t\t<\/div>\n\t\t\t\t<\/div>\n\t\t\t\t<\/div>\n\t\t\t\t\t\t<\/div>\n\t\t\t\t\t<\/div>\n\t\t<\/div>\n\t\t\t\t<div class=\"aux-parallax-section elementor-column elementor-col-50 elementor-inner-column elementor-element elementor-element-6f9487f\" data-id=\"6f9487f\" data-element_type=\"column\">\n\t\t\t<div class=\"elementor-column-wrap elementor-element-populated\">\n\t\t\t\t\t\t\t<div class=\"elementor-widget-wrap\">\n\t\t\t\t\t\t<div class=\"elementor-element elementor-element-466697e elementor-widget elementor-widget-heading\" data-id=\"466697e\" data-element_type=\"widget\" data-widget_type=\"heading.default\">\n\t\t\t\t<div class=\"elementor-widget-container\">\n\t\t\t<h3 class=\"elementor-heading-title elementor-size-default\"><a href=\"http:\/\/medicinadosonors.web252.uni5.net\/medicinadosonors\/eletroneuromiografia\/\">Eletroneuromiografia<\/a><\/h3>\t\t<\/div>\n\t\t\t\t<\/div>\n\t\t\t\t<div class=\"elementor-element elementor-element-c905280 elementor-widget elementor-widget-text-editor\" data-id=\"c905280\" data-element_type=\"widget\" data-widget_type=\"text-editor.default\">\n\t\t\t\t<div class=\"elementor-widget-container\">\n\t\t\t\t\t<div class=\"elementor-text-editor elementor-clearfix\"><p><span class=\"s1\">Avalia a presen\u00e7a de les\u00f5es que afetam os nervos e m\u00fasculos. \u00c9 <\/span>realizado para diagnosticar dist\u00farbios como a neuropatia diab\u00e9tica, s\u00edndrome do t\u00fanel do carpo, dores na cervical e lombar e doen\u00e7as reumatol\u00f3gicas.<\/p><\/div>\n\t\t\t\t<\/div>\n\t\t\t\t<\/div>\n\t\t\t\t<div class=\"elementor-element elementor-element-68890a5 elementor-align-center elementor-widget elementor-widget-button\" data-id=\"68890a5\" data-element_type=\"widget\" data-widget_type=\"button.default\">\n\t\t\t\t<div class=\"elementor-widget-container\">\n\t\t\t\t\t<div class=\"elementor-button-wrapper\">\n\t\t\t<a href=\"http:\/\/medicinadosonors.web252.uni5.net\/medicinadosonors\/eletroneuromiografia\/\" class=\"elementor-button-link elementor-button elementor-size-sm\" role=\"button\">\n\t\t\t\t\t\t<span class=\"elementor-button-content-wrapper\">\n\t\t\t\t\t\t<span class=\"elementor-button-icon elementor-align-icon-left\">\n\t\t\t\t<i aria-hidden=\"true\" class=\"fas fa-caret-right\"><\/i>\t\t\t<\/span>\n\t\t\t\t\t\t<span class=\"elementor-button-text\">Ver mais<\/span>\n\t\t<\/span>\n\t\t\t\t\t<\/a>\n\t\t<\/div>\n\t\t\t\t<\/div>\n\t\t\t\t<\/div>\n\t\t\t\t\t\t<\/div>\n\t\t\t\t\t<\/div>\n\t\t<\/div>\n\t\t\t\t<div class=\"aux-parallax-section elementor-column elementor-col-50 elementor-inner-column elementor-element elementor-element-ce3cad1\" data-id=\"ce3cad1\" data-element_type=\"column\">\n\t\t\t<div class=\"elementor-column-wrap elementor-element-populated\">\n\t\t\t\t\t\t\t<div class=\"elementor-widget-wrap\">\n\t\t\t\t\t\t<div class=\"elementor-element elementor-element-faf8471 elementor-widget elementor-widget-heading\" data-id=\"faf8471\" data-element_type=\"widget\" data-widget_type=\"heading.default\">\n\t\t\t\t<div class=\"elementor-widget-container\">\n\t\t\t<h3 class=\"elementor-heading-title elementor-size-default\"><a href=\"http:\/\/medicinadosonors.web252.uni5.net\/medicinadosonors\/polissonografia\/\">Polissonografia<\/a><\/h3>\t\t<\/div>\n\t\t\t\t<\/div>\n\t\t\t\t<div class=\"elementor-element elementor-element-ccb3c6f elementor-widget elementor-widget-text-editor\" data-id=\"ccb3c6f\" data-element_type=\"widget\" data-widget_type=\"text-editor.default\">\n\t\t\t\t<div class=\"elementor-widget-container\">\n\t\t\t\t\t<div class=\"elementor-text-editor elementor-clearfix\"><p class=\"p1\">Neste exame \u00e9 poss\u00edvel detectar a apn\u00e9ia do sono*. O paciente tem suas atividades cerebrais monitoradas, bem como seu fluxo sangu\u00edneo e respirat\u00f3rio. Para isso, \u00e9 avaliada uma noite inteira de sono, precisando que durma no local.<\/p><\/div>\n\t\t\t\t<\/div>\n\t\t\t\t<\/div>\n\t\t\t\t<div class=\"elementor-element elementor-element-1bc9233 elementor-align-center elementor-widget elementor-widget-button\" data-id=\"1bc9233\" data-element_type=\"widget\" data-widget_type=\"button.default\">\n\t\t\t\t<div class=\"elementor-widget-container\">\n\t\t\t\t\t<div class=\"elementor-button-wrapper\">\n\t\t\t<a href=\"http:\/\/medicinadosonors.web252.uni5.net\/medicinadosonors\/polissonografia\/\" class=\"elementor-button-link elementor-button elementor-size-sm\" role=\"button\">\n\t\t\t\t\t\t<span class=\"elementor-button-content-wrapper\">\n\t\t\t\t\t\t<span class=\"elementor-button-icon elementor-align-icon-left\">\n\t\t\t\t<i aria-hidden=\"true\" class=\"fas fa-caret-right\"><\/i>\t\t\t<\/span>\n\t\t\t\t\t\t<span class=\"elementor-button-text\">Ver mais <\/span>\n\t\t<\/span>\n\t\t\t\t\t<\/a>\n\t\t<\/div>\n\t\t\t\t<\/div>\n\t\t\t\t<\/div>\n\t\t\t\t\t\t<\/div>\n\t\t\t\t\t<\/div>\n\t\t<\/div>\n\t\t\t\t\t\t\t\t<\/div>\n\t\t\t\t\t<\/div>\n\t\t<\/section>\n\t\t\t\t<div class=\"elementor-element elementor-element-2c46b3d elementor-widget elementor-widget-spacer\" data-id=\"2c46b3d\" data-element_type=\"widget\" data-widget_type=\"spacer.default\">\n\t\t\t\t<div class=\"elementor-widget-container\">\n\t\t\t\t\t<div class=\"elementor-spacer\">\n\t\t\t<div class=\"elementor-spacer-inner\"><\/div>\n\t\t<\/div>\n\t\t\t\t<\/div>\n\t\t\t\t<\/div>\n\t\t\t\t\t\t<\/div>\n\t\t\t\t\t<\/div>\n\t\t<\/div>\n\t\t\t\t\t\t\t\t<\/div>\n\t\t\t\t\t<\/div>\n\t\t<\/section>\n\t\t\t\t<section class=\"elementor-section elementor-top-section elementor-element elementor-element-d58ad3d elementor-section-boxed elementor-section-height-default elementor-section-height-default\" data-id=\"d58ad3d\" data-element_type=\"section\">\n\t\t\t\t\t\t<div class=\"elementor-container elementor-column-gap-default\">\n\t\t\t\t\t\t\t<div class=\"elementor-row\">\n\t\t\t\t\t\t\t\t\t<\/div>\n\t\t\t\t\t<\/div>\n\t\t<\/section>\n\t\t\t\t\t\t<\/div>\n\t\t\t\t\t\t<\/div>\n\t\t\t\t\t<\/div>\n\t\t","protected":false},"excerpt":{"rendered":"<p>D\u00favidas Frequentes all Eletroencefalograma Eletroneuromiografia Polissonografia Como \u00e9 feito? O quarto em que o exame \u00e9 feito \u00e9 escuro e silencioso, monitorado por c\u00e2meras. Antes de ir para a cama, os t\u00e9cnicos aderem sensores em sua pele e um clipe ao seu dedo para monitorar o exame. Pela manh\u00e3, os sensores s\u00e3o removidos, e voc\u00ea [&hellip;]<\/p>\n","protected":false},"author":8,"featured_media":0,"parent":0,"menu_order":0,"comment_status":"closed","ping_status":"closed","template":"","meta":[],"_links":{"self":[{"href":"https:\/\/medicinadosonors.com.br\/index.php?rest_route=\/wp\/v2\/pages\/145"}],"collection":[{"href":"https:\/\/medicinadosonors.com.br\/index.php?rest_route=\/wp\/v2\/pages"}],"about":[{"href":"https:\/\/medicinadosonors.com.br\/index.php?rest_route=\/wp\/v2\/types\/page"}],"author":[{"embeddable":true,"href":"https:\/\/medicinadosonors.com.br\/index.php?rest_route=\/wp\/v2\/users\/8"}],"replies":[{"embeddable":true,"href":"https:\/\/medicinadosonors.com.br\/index.php?rest_route=%2Fwp%2Fv2%2Fcomments&post=145"}],"version-history":[{"count":0,"href":"https:\/\/medicinadosonors.com.br\/index.php?rest_route=\/wp\/v2\/pages\/145\/revisions"}],"wp:attachment":[{"href":"https:\/\/medicinadosonors.com.br\/index.php?rest_route=%2Fwp%2Fv2%2Fmedia&parent=145"}],"curies":[{"name":"wp","href":"https:\/\/api.w.org\/{rel}","templated":true}]}}